{"id":310,"date":"2025-06-28T08:16:49","date_gmt":"2025-06-28T08:16:49","guid":{"rendered":"http:\/\/localhost\/wordpress\/?page_id=310"},"modified":"2026-03-26T10:21:33","modified_gmt":"2026-03-26T10:21:33","slug":"a-propos","status":"publish","type":"page","link":"https:\/\/marie-gard.com\/index.php\/a-propos\/","title":{"rendered":"A propos"},"content":{"rendered":"\n<div class=\"wp-block-columns is-layout-flex wp-container-core-columns-is-layout-28f84493 wp-block-columns-is-layout-flex\">\n<div class=\"wp-block-column is-layout-flow wp-block-column-is-layout-flow\">\n<div class=\"wp-block-media-text is-stacked-on-mobile is-style-default\" style=\"grid-template-columns:35% auto\"><figure class=\"wp-block-media-text__media\"><img loading=\"lazy\" decoding=\"async\" width=\"768\" height=\"1024\" src=\"https:\/\/marie-gard.com\/wp-content\/uploads\/2025\/07\/DSC-9946-scaled-e1753124846408-768x1024.jpg\" alt=\"Marie Gard\" class=\"wp-image-570 size-full\" srcset=\"https:\/\/marie-gard.com\/wp-content\/uploads\/2025\/07\/DSC-9946-scaled-e1753124846408-768x1024.jpg 768w, https:\/\/marie-gard.com\/wp-content\/uploads\/2025\/07\/DSC-9946-scaled-e1753124846408-225x300.jpg 225w, https:\/\/marie-gard.com\/wp-content\/uploads\/2025\/07\/DSC-9946-scaled-e1753124846408-1152x1536.jpg 1152w, https:\/\/marie-gard.com\/wp-content\/uploads\/2025\/07\/DSC-9946-scaled-e1753124846408-1536x2048.jpg 1536w, https:\/\/marie-gard.com\/wp-content\/uploads\/2025\/07\/DSC-9946-scaled-e1753124846408-500x667.jpg 500w, https:\/\/marie-gard.com\/wp-content\/uploads\/2025\/07\/DSC-9946-scaled-e1753124846408-800x1067.jpg 800w, https:\/\/marie-gard.com\/wp-content\/uploads\/2025\/07\/DSC-9946-scaled-e1753124846408-1280x1706.jpg 1280w, https:\/\/marie-gard.com\/wp-content\/uploads\/2025\/07\/DSC-9946-scaled-e1753124846408.jpg 1600w\" sizes=\"auto, (max-width: 768px) 100vw, 768px\" \/><\/figure><div class=\"wp-block-media-text__content\">\n<p style=\"padding-right:0;padding-left:0;font-size:clamp(14.082px, 0.88rem + ((1vw - 3.2px) * 0.752), 21px);\">Marie Gard a illustr\u00e9 de nombreux livres pour enfants et a \u00e9t\u00e9 \u00e9dit\u00e9e par Gallimard, Flammarion, Hachette, Actes Sud\u2026 Elle a collabor\u00e9 avec les albums du P\u00e8re Castor, illustr\u00e9 des po\u00e8mes de Jacques Pr\u00e9vert et cr\u00e9\u00e9 pour les \u00e9ditions du Sorbier une collection autour du personnage de Tom-Ti-Ra. Elle s&#8217;int\u00e9resse aux arts de la table et aux dessins de tissus. Marie Gard a r\u00e9alis\u00e9 des dessins de cravate pour Herm\u00e8s et de coussins pour&nbsp;Jules&nbsp;Pansu. Elle pratique aussi la peinture murale et l&#8217;aquarelle botanique.<\/p>\n\n\n\n<p style=\"padding-right:0;padding-left:0;font-size:clamp(14.082px, 0.88rem + ((1vw - 3.2px) * 0.752), 21px);\">Par ailleurs, Marie Gard est dipl\u00f4m\u00e9e en \u00e9tudes bibliques et en philosophie.<\/p>\n\n\n\n<div style=\"height:100px\" aria-hidden=\"true\" class=\"wp-block-spacer\"><\/div>\n\n\n\n<p style=\"padding-right:0;padding-left:0;font-size:clamp(14.082px, 0.88rem + ((1vw - 3.2px) * 0.752), 21px);\"><strong>Contact<\/strong>: \u00e9crivez-moi via ma <a href=\"https:\/\/marie-gard.com\/index.php\/contact\/\" data-type=\"link\" data-id=\"https:\/\/marie-gard.com\/index.php\/contact\/\">page de contact<\/a><\/p>\n\n\n\n<p style=\"padding-right:0;padding-left:0;font-size:clamp(14.082px, 0.88rem + ((1vw - 3.2px) * 0.752), 21px);\"><strong>Studio:<\/strong> Paris XV, France<\/p>\n<\/div><\/div>\n<\/div>\n<\/div>\n\n\n\n<blockquote class=\"wp-block-quote is-layout-flow wp-block-quote-is-layout-flow\">\n<p style=\"padding-top:0;padding-bottom:0;font-size:clamp(0.875rem, 0.875rem + ((1vw - 0.2rem) * 0.565), 1.2rem);line-height:1.5\">\u00ab <em><em>L\u2019illustrateur joue un r\u00f4le d\u00e9terminant dans la relation de l\u2019enfant avec le livre. Au moment o\u00f9 la d\u00e9couverte de l\u2019histoire s\u2019empare de l\u2019imaginaire de celui-ci, l\u2019illustration doit s\u2019aligner avec les \u00e9l\u00e9ments du texte pour permettre \u00e0 l\u2019enfant d\u2019avancer dans l\u2019histoire sur un chemin coh\u00e9rent. Il convient donc d\u2019\u00e9viter tout vagabondage pictural qui pourrait mettre l\u2019enfant devant une contradiction texte\/image. J\u2019ai toujours travaill\u00e9 avec le souci de ne pas confronter l\u2019enfant \u00e0 ce type d\u2019incoh\u00e9rence. Mes illustrations se veulent donc respectueuses du texte, &nbsp;mais sans servilit\u00e9, afin d\u2019offrir \u00e0 l\u2019enfant un lieu propice au d\u00e9veloppement de son imagination.<\/em> <\/em>\u00bb<br><br>\u00ab <em><em>La nature, dans son infinie diversit\u00e9, offre une source in\u00e9puisable d\u2019inspiration. Elle ne refuse rien au regard, se laisse observer, fouiller, transformer, d\u00e9passer\u2026 Elle est pour le cr\u00e9ateur l\u2019indispensable compagne, celle qui nourrit au fil des jours son puissant d\u00e9sir de cr\u00e9er. Elle le conduit sur des chemins insoup\u00e7onn\u00e9s, le surprend, l\u2019\u00e9blouit, l\u2019\u00e9tonne et le maintient dans un \u00e9tat permanent de contemplation.<\/em><\/em> \u00bb<\/p>\n<\/blockquote>\n\n\n\n<p><\/p>\n","protected":false},"excerpt":{"rendered":"<p>Marie Gard a illustr\u00e9 de nombreux livres pour enfants et a \u00e9t\u00e9 \u00e9dit\u00e9e par Gallimard, Flammarion, Hachette, Actes Sud\u2026 Elle a collabor\u00e9 avec les albums du P\u00e8re Castor, illustr\u00e9 des po\u00e8mes de Jacques Pr\u00e9vert et cr\u00e9\u00e9 pour les \u00e9ditions du Sorbier une collection autour du personnage de Tom-Ti-Ra. Elle s&#8217;int\u00e9resse aux arts de la table [&hellip;]<\/p>\n","protected":false},"author":1,"featured_media":0,"parent":0,"menu_order":0,"comment_status":"closed","ping_status":"closed","template":"","meta":{"_seopress_robots_primary_cat":"","_seopress_titles_title":"Marie Gard \u2013 \u00c0 propos","_seopress_titles_desc":"\u00c9dit\u00e9e par Gallimard, Flammarion, Actes Sud\u2026 Marie Gard a consacr\u00e9 sa carri\u00e8re \u00e0 l'illustration jeunesse et explore aujourd'hui l'aquarelle botanique, les motifs textiles et la peinture murale.","_seopress_robots_index":"","_vp_format_video_url":"","_vp_image_focal_point":[],"footnotes":""},"categories":[],"tags":[],"class_list":["post-310","page","type-page","status-publish","hentry"],"_links":{"self":[{"href":"https:\/\/marie-gard.com\/index.php\/wp-json\/wp\/v2\/pages\/310","targetHints":{"allow":["GET"]}}],"collection":[{"href":"https:\/\/marie-gard.com\/index.php\/wp-json\/wp\/v2\/pages"}],"about":[{"href":"https:\/\/marie-gard.com\/index.php\/wp-json\/wp\/v2\/types\/page"}],"author":[{"embeddable":true,"href":"https:\/\/marie-gard.com\/index.php\/wp-json\/wp\/v2\/users\/1"}],"replies":[{"embeddable":true,"href":"https:\/\/marie-gard.com\/index.php\/wp-json\/wp\/v2\/comments?post=310"}],"version-history":[{"count":46,"href":"https:\/\/marie-gard.com\/index.php\/wp-json\/wp\/v2\/pages\/310\/revisions"}],"predecessor-version":[{"id":612,"href":"https:\/\/marie-gard.com\/index.php\/wp-json\/wp\/v2\/pages\/310\/revisions\/612"}],"wp:attachment":[{"href":"https:\/\/marie-gard.com\/index.php\/wp-json\/wp\/v2\/media?parent=310"}],"wp:term":[{"taxonomy":"category","embeddable":true,"href":"https:\/\/marie-gard.com\/index.php\/wp-json\/wp\/v2\/categories?post=310"},{"taxonomy":"post_tag","embeddable":true,"href":"https:\/\/marie-gard.com\/index.php\/wp-json\/wp\/v2\/tags?post=310"}],"curies":[{"name":"wp","href":"https:\/\/api.w.org\/{rel}","templated":true}]}}