{"id":317,"date":"2025-06-28T08:33:38","date_gmt":"2025-06-28T08:33:38","guid":{"rendered":"http:\/\/localhost\/wordpress\/?page_id=317"},"modified":"2026-03-26T10:22:58","modified_gmt":"2026-03-26T10:22:58","slug":"bibliographie","status":"publish","type":"page","link":"https:\/\/marie-gard.com\/index.php\/bibliographie\/","title":{"rendered":"Bibliographie"},"content":{"rendered":"\n<ul class=\"wp-block-list\">\n<li><em>Vivre au bord du Nil<\/em>, P. Dhombre, La Pibole, 1979 (ISBN 2 864 17 005 1)<\/li>\n\n\n\n<li><em>10 images un peu folles<\/em>, M. Gard, Des Femmes, 1980 (ISBN 2 7210 0176 0)<\/li>\n\n\n\n<li><em>La grippe de Nils<\/em>, M.F. Boyer, Des Femmes, 1980 (ISBN 2 7210 0181 7)<\/li>\n\n\n\n<li><em>La journ\u00e9e d&#8217;une actrice<\/em>, R. et H. Dubreuil, Etudes Vivantes GF, 1980<\/li>\n\n\n\n<li><em>La cit\u00e9 des abeilles<\/em>, Th. Keneally, Castor Poche Flammarion, 1981<\/li>\n\n\n\n<li><em>La fille du cirque<\/em>, L. Bojunga Nunes, Castor Poche Flammarion, 1981 (ISBN 2 08 161726 9)<\/li>\n\n\n\n<li><em>Le secret de Jeremy<\/em>, P. Herm\u00e8s, Castor Poche Flammarion, 1981 (ISBN 2 08 161734 X)<\/li>\n\n\n\n<li><em>Quitter son pays<\/em>, M. Ch. Helgerson, Castor Poche Flammarion, 1981 (ISBN 2 08 171736 0)<\/li>\n\n\n\n<li><em>Avec des paraboles<\/em>, Dessain et Tolra, 1981<\/li>\n\n\n\n<li><em>La r\u00e9volte de 10 X<\/em>, J. Carris, Castor Poche Flammarion, 1982<\/li>\n\n\n\n<li><em>Yvan, Mourka et le moineau<\/em>, M. Lochak, P\u00e8re Castor Flammarion, 1982<\/li>\n\n\n\n<li><em>J&#8217;ai deux maisons<\/em>, F. Desgrandchamps, Dessain et Tolra, 1982 (ISBN 2 249 80042 1)<\/li>\n\n\n\n<li><em>Etienne est baptis\u00e9<\/em>, Dessain et Tolra, 1982 (ISBN 2 283 56045 4)<\/li>\n\n\n\n<li><em>La sacoche jaune<\/em>, L. Bojunga Nunes, Castor Poche Flammarion, 1983 (ISBN 2 08 161775 7)<\/li>\n\n\n\n<li><em>Viou<\/em>, H. Troyat, Castor Poche Flammarion, 1984 (ISBN 2 08 161800 1)<\/li>\n\n\n\n<li><em>Chacun son tour<\/em>, A.M. Chapouton, P\u00e8re Castor Flammarion, 1984<\/li>\n\n\n\n<li><em>Mademoiselle je-sais-tout<\/em>, Ch. Poslaniec, Le Sorbier, 1984 (ISBN 2 7320 1017 0)<\/li>\n\n\n\n<li><em>Petit Bill<\/em>, D. Pommeraie, Act\u00e9on, 1985<\/li>\n\n\n\n<li><em>Chanson pour chanter \u00e0 tue-t\u00eate et \u00e0 cloche-pied<\/em>, J. Pr\u00e9vert, Gallimard, 1985 (ISBN 2 07 039120 5)<\/li>\n\n\n\n<li><em>Chanson des cireurs de souliers<\/em>, J. Pr\u00e9vert, Gallimard, 1985 (ISBN 2 07 039132 9)<\/li>\n\n\n\n<li><em>Les b\u00e9b\u00e9s de Mademoiselle je-sais-tout<\/em>, Ch. Poslaniec, Le Sorbier, 1985<\/li>\n\n\n\n<li><em>Martin et Martine<\/em>, Luda, Le Sorbier, 1985 (ISBN 2 7320 1027 8)<\/li>\n\n\n\n<li><em>Mon mouchoir<\/em>, A.M. Chapouton, P\u00e8re Castor, 1986 (ISBN 2 08 161553 3)<\/li>\n\n\n\n<li><em>La for\u00eat enchant\u00e9e<\/em>, A. Dumas, G.P. Rouge et Or, 1986<\/li>\n\n\n\n<li><em>Tom-Ti-Ra n&#8217;a pas faim<\/em>, M. Gard, Le Sorbier, 1986 (ISBN 2 7320 3098 8)<\/li>\n\n\n\n<li><em>Tom-Ti-Ra et le bruit myst\u00e9rieux<\/em>, M. Gard, Le Sorbier, 1986 (ISBN 2 7320 3100 4)<\/li>\n\n\n\n<li><em>Tom-Ti-Ra et l&#8217;arbre de No\u00ebl<\/em>, M. Gard, Le Sorbier, 1986 (ISBN 2 7320 3097 X)<\/li>\n\n\n\n<li><em>Tom-Ti-Ra compte jusqu&#8217;\u00e0 10<\/em>, M. Gard, Le Sorbier, 1986<\/li>\n\n\n\n<li><em>Tom-Ti-Ra dans les bois<\/em>, M. Gard, Le Sorbier, 1987 (ISBN 2 7320 3127 5)<\/li>\n\n\n\n<li><em>Tom-Ti-Ra fait de la peinture<\/em>, M. Gard, Le Sorbier, 1987 (ISBN 2 7320 3128 3)<\/li>\n\n\n\n<li><em>Tom-Ti-Ra est malade<\/em>, M. Gard, Le Sorbier, 1987 (ISBN 2 7320 3129 1)<\/li>\n\n\n\n<li><em>Tom-Ti-Ra garde sa petite s\u0153ur<\/em>, M. Gard, Le Sorbier, 1987 (ISBN 2 7320 3130 5)<\/li>\n\n\n\n<li><em>Tom-Ti-Ra et le carnaval<\/em>, M. Gard, Le Sorbier, 1988 (ISBN 2 7320 3152 6)<\/li>\n\n\n\n<li><em>Tom-Ti-Ra et l&#8217;alphabet<\/em>, M. Gard, Le Sorbier, 1988 (ISBN 2 7320 3154 2)<\/li>\n\n\n\n<li><em>Tom-Ti-Ra part en vacances<\/em>, M. Gard, Le Sorbier, 1988 (ISBN 2 7320 3154 4)<\/li>\n\n\n\n<li><em>Tom-Ti-Ra et le trousseau de cl\u00e9s<\/em>, M. Gard, Le Sorbier, 1988 (ISBN 2 7320 3151 8)<\/li>\n\n\n\n<li><em>Vivre avec J\u00e9sus<\/em>, M. de Virville, Le S\u00e9nev\u00e9\/CERP, 1991 (ISBN 2 283 73112 7)<\/li>\n\n\n\n<li><em>Laissez venir \u00e0 moi les petits enfants<\/em>, B. d&#8217;Arjuzon, M. Rupied, Mame, 1991 (ISBN 2 7289 0382 4)<\/li>\n\n\n\n<li><em>Luttes et Luths<\/em>, J. Charpentreau, Hachette, 1992 (ISBN 2 01 019199 4)<\/li>\n\n\n\n<li><em>Livre d&#8217;or de mon bapt\u00eame<\/em>, Tardy, 1992<\/li>\n\n\n\n<li><em>La Belle au bois dormant<\/em>, E. Lallemand, Hachette, 1993 (ISBN 2 01 020343 7)<\/li>\n\n\n\n<li><em>Petits r\u00e9cits bibliques<\/em>, A. Shilson-Thomas, Le Petit M\u00e9nestrel, 1995<\/li>\n\n\n\n<li><em>Marguerite et la m\u00e9taphysique<\/em>, V. Lou, Actes Sud, 1996 (ISBN 2 7427 0934 7)<\/li>\n\n\n\n<li><em>Comptines en chocolat<\/em>, C. Albaut, Actes Sud, 1997 (ISBN 2 7427 1331 X)<\/li>\n\n\n\n<li><em>Le b\u00e9b\u00e9 de sucre<\/em>, J. Hoestland, Actes Sud, 1997 (ISBN 2 7427 1131 7)<\/li>\n\n\n\n<li><em>Le cygne blanc de Tcha\u00efkovski<\/em>, M. Vourch, Villanelle, 2021 (ISBN 978 2 491995 02 7)<\/li>\n\n\n\n<li><em>Ravel, Ma m\u00e8re l&#8217;Oye<\/em>, M. Vourch, Villanelle, 2021 (ISBN 978 2 491995 05 8)<\/li>\n<\/ul>\n","protected":false},"excerpt":{"rendered":"","protected":false},"author":1,"featured_media":0,"parent":0,"menu_order":0,"comment_status":"closed","ping_status":"closed","template":"","meta":{"_seopress_robots_primary_cat":"","_seopress_titles_title":"Marie Gard - Bibliographie","_seopress_titles_desc":"Plus de cinquante livres illustr\u00e9s depuis 1979 : albums P\u00e8re Castor, po\u00e8mes de Jacques Pr\u00e9vert, collection Tom-Ti-Ra\u2026 Une \u0153uvre \u00e9ditoriale ancr\u00e9e dans la litt\u00e9rature jeunesse fran\u00e7aise.","_seopress_robots_index":"","_vp_format_video_url":"","_vp_image_focal_point":[],"footnotes":""},"categories":[],"tags":[],"class_list":["post-317","page","type-page","status-publish","hentry"],"_links":{"self":[{"href":"https:\/\/marie-gard.com\/index.php\/wp-json\/wp\/v2\/pages\/317","targetHints":{"allow":["GET"]}}],"collection":[{"href":"https:\/\/marie-gard.com\/index.php\/wp-json\/wp\/v2\/pages"}],"about":[{"href":"https:\/\/marie-gard.com\/index.php\/wp-json\/wp\/v2\/types\/page"}],"author":[{"embeddable":true,"href":"https:\/\/marie-gard.com\/index.php\/wp-json\/wp\/v2\/users\/1"}],"replies":[{"embeddable":true,"href":"https:\/\/marie-gard.com\/index.php\/wp-json\/wp\/v2\/comments?post=317"}],"version-history":[{"count":5,"href":"https:\/\/marie-gard.com\/index.php\/wp-json\/wp\/v2\/pages\/317\/revisions"}],"predecessor-version":[{"id":613,"href":"https:\/\/marie-gard.com\/index.php\/wp-json\/wp\/v2\/pages\/317\/revisions\/613"}],"wp:attachment":[{"href":"https:\/\/marie-gard.com\/index.php\/wp-json\/wp\/v2\/media?parent=317"}],"wp:term":[{"taxonomy":"category","embeddable":true,"href":"https:\/\/marie-gard.com\/index.php\/wp-json\/wp\/v2\/categories?post=317"},{"taxonomy":"post_tag","embeddable":true,"href":"https:\/\/marie-gard.com\/index.php\/wp-json\/wp\/v2\/tags?post=317"}],"curies":[{"name":"wp","href":"https:\/\/api.w.org\/{rel}","templated":true}]}}